{"id":1678,"date":"2022-09-28T11:07:51","date_gmt":"2022-09-28T15:07:51","guid":{"rendered":"https:\/\/praticajuridica.ufms.br\/?page_id=1678"},"modified":"2025-01-15T11:10:32","modified_gmt":"2025-01-15T15:10:32","slug":"estagio-nao-obrigatorio","status":"publish","type":"page","link":"https:\/\/praticajuridica.ufms.br\/en\/estagio-nao-obrigatorio\/","title":{"rendered":"Est\u00e1gio n\u00e3o obrigat\u00f3rio"},"content":{"rendered":"","protected":false},"excerpt":{"rendered":"","protected":false},"author":33560,"featured_media":0,"parent":0,"menu_order":0,"comment_status":"closed","ping_status":"closed","template":"","meta":{"footnotes":""},"coauthors":[],"class_list":["post-1678","page","type-page","status-publish","hentry"],"_links":{"self":[{"href":"https:\/\/praticajuridica.ufms.br\/en\/wp-json\/wp\/v2\/pages\/1678","targetHints":{"allow":["GET"]}}],"collection":[{"href":"https:\/\/praticajuridica.ufms.br\/en\/wp-json\/wp\/v2\/pages"}],"about":[{"href":"https:\/\/praticajuridica.ufms.br\/en\/wp-json\/wp\/v2\/types\/page"}],"author":[{"embeddable":true,"href":"https:\/\/praticajuridica.ufms.br\/en\/wp-json\/wp\/v2\/users\/33560"}],"replies":[{"embeddable":true,"href":"https:\/\/praticajuridica.ufms.br\/en\/wp-json\/wp\/v2\/comments?post=1678"}],"version-history":[{"count":3,"href":"https:\/\/praticajuridica.ufms.br\/en\/wp-json\/wp\/v2\/pages\/1678\/revisions"}],"predecessor-version":[{"id":1742,"href":"https:\/\/praticajuridica.ufms.br\/en\/wp-json\/wp\/v2\/pages\/1678\/revisions\/1742"}],"wp:attachment":[{"href":"https:\/\/praticajuridica.ufms.br\/en\/wp-json\/wp\/v2\/media?parent=1678"}],"wp:term":[{"taxonomy":"author","embeddable":true,"href":"https:\/\/praticajuridica.ufms.br\/en\/wp-json\/wp\/v2\/coauthors?post=1678"}],"curies":[{"name":"wp","href":"https:\/\/api.w.org\/{rel}","templated":true}]}}