{"id":188,"date":"2018-06-28T10:26:28","date_gmt":"2018-06-28T14:26:28","guid":{"rendered":"https:\/\/praticajuridica.ufms.br\/?page_id=188"},"modified":"2019-04-30T10:41:54","modified_gmt":"2019-04-30T14:41:54","slug":"curso-de-extensao","status":"publish","type":"page","link":"https:\/\/praticajuridica.ufms.br\/en\/curso-de-extensao\/","title":{"rendered":"Projetos de Extens\u00e3o"},"content":{"rendered":"<p>Atualmente a Pr\u00e1tica Jur\u00eddica possui quatro Projetos de Extens\u00e3o em desenvolvimento, quais sejam:<\/p>\n<ul>\n<li>Cl\u00ednicas Jur\u00eddicas em Direitos Fundamentais Trabalhistas e Previdenci\u00e1rios<\/li>\n<li>Pr\u00e1tica Jur\u00eddica: Direito do Trabalho<\/li>\n<li>Pr\u00e1tica Jur\u00eddica: Direito Previdenci\u00e1rio<\/li>\n<li>Pr\u00e1tica Jur\u00eddica: Novas tecnologias e Direito \u00e0 Sa\u00fade<\/li>\n<\/ul>\n","protected":false},"excerpt":{"rendered":"<p>Atualmente a Pr\u00e1tica Jur\u00eddica possui quatro Projetos de Extens\u00e3o em desenvolvimento, quais sejam: Cl\u00ednicas Jur\u00eddicas em Direitos Fundamentais Trabalhistas e Previdenci\u00e1rios Pr\u00e1tica Jur\u00eddica: Direito do Trabalho Pr\u00e1tica Jur\u00eddica: Direito Previdenci\u00e1rio Pr\u00e1tica Jur\u00eddica: Novas tecnologias e Direito \u00e0 Sa\u00fade<\/p>\n","protected":false},"author":4150,"featured_media":0,"parent":0,"menu_order":0,"comment_status":"closed","ping_status":"closed","template":"","meta":{"footnotes":""},"coauthors":[],"class_list":["post-188","page","type-page","status-publish","hentry"],"_links":{"self":[{"href":"https:\/\/praticajuridica.ufms.br\/en\/wp-json\/wp\/v2\/pages\/188","targetHints":{"allow":["GET"]}}],"collection":[{"href":"https:\/\/praticajuridica.ufms.br\/en\/wp-json\/wp\/v2\/pages"}],"about":[{"href":"https:\/\/praticajuridica.ufms.br\/en\/wp-json\/wp\/v2\/types\/page"}],"author":[{"embeddable":true,"href":"https:\/\/praticajuridica.ufms.br\/en\/wp-json\/wp\/v2\/users\/4150"}],"replies":[{"embeddable":true,"href":"https:\/\/praticajuridica.ufms.br\/en\/wp-json\/wp\/v2\/comments?post=188"}],"version-history":[{"count":11,"href":"https:\/\/praticajuridica.ufms.br\/en\/wp-json\/wp\/v2\/pages\/188\/revisions"}],"predecessor-version":[{"id":471,"href":"https:\/\/praticajuridica.ufms.br\/en\/wp-json\/wp\/v2\/pages\/188\/revisions\/471"}],"wp:attachment":[{"href":"https:\/\/praticajuridica.ufms.br\/en\/wp-json\/wp\/v2\/media?parent=188"}],"wp:term":[{"taxonomy":"author","embeddable":true,"href":"https:\/\/praticajuridica.ufms.br\/en\/wp-json\/wp\/v2\/coauthors?post=188"}],"curies":[{"name":"wp","href":"https:\/\/api.w.org\/{rel}","templated":true}]}}