{"id":272,"date":"2018-09-14T10:36:44","date_gmt":"2018-09-14T14:36:44","guid":{"rendered":"https:\/\/praticajuridica.ufms.br\/?page_id=272"},"modified":"2022-10-06T10:46:41","modified_gmt":"2022-10-06T14:46:41","slug":"quemsomos","status":"publish","type":"page","link":"https:\/\/praticajuridica.ufms.br\/en\/quemsomos\/","title":{"rendered":"Um Pouco sobre n\u00f3s"},"content":{"rendered":"<p>&nbsp;<\/p>\n<p style=\"text-align: justify\">Somos o Escrit\u00f3rio Modelo de Assist\u00eancia Jur\u00eddica, \u00f3rg\u00e3o vinculado \u00e0 Faculdade de Direito da Funda\u00e7\u00e3o Universidade Federal de Mato Grosso Do Sul respons\u00e1vel pela implanta\u00e7\u00e3o, coordena\u00e7\u00e3o, avalia\u00e7\u00e3o e supervis\u00e3o das atividades de Ensino, Pesquisa, Extens\u00e3o, Cultura, Tecnologia, Inova\u00e7\u00e3o, Empreendedorismo e do Est\u00e1gio Curricular Obrigat\u00f3rio, em conformidade com a legisla\u00e7\u00e3o pertinente. Atualmente somos integrantes da Rede Nacional de Pr\u00e1tica Jur\u00eddica\u00a0 (RNPJ) das Faculdades de Direito do Brasil.<\/p>\n<p>Estamos localizados na Cidade Universit\u00e1ria em Campo Grande -MS, Setor 1, Bloco 3, e contamos com um espa\u00e7o f\u00edsico de aproximadamente 80 m\u00b2 dividido internamente em:<\/p>\n<p>I &#8211; Recep\u00e7\u00e3o, respons\u00e1vel pelo acolhimento pr\u00e9vio;<\/p>\n<p>II &#8211; Triagem, respons\u00e1vel pelo cadastro, triagem e informa\u00e7\u00f5es preliminares;<\/p>\n<p>III &#8211; Cl\u00ednicas Jur\u00eddicas, respons\u00e1vel pelo acolhimento, atendimento interdisciplinar e est\u00edmulo de m\u00e9todos consensuais de resolu\u00e7\u00e3o dos conflitos;<\/p>\n<p>IV &#8211; Peticionamento e pesquisa de jurisprud\u00eancia, respons\u00e1vel pelo fluxos de documentos e realiza\u00e7\u00e3o de pe\u00e7as jur\u00eddicas, judiciais e extrajudiciais;<\/p>\n<p>V &#8211; Sala de reuni\u00e3o e videoconfer\u00eancia, respons\u00e1vel pela otimiza\u00e7\u00e3o de recursos, tempo e boas pr\u00e1ticas de gest\u00e3o;<\/p>\n<p>VI &#8211; Assessoria e Supervis\u00e3o, respons\u00e1vel pela gest\u00e3o estrat\u00e9gica e operacional do Escrit\u00f3rio Modelo de Assist\u00eancia Judici\u00e1ria Gratuita;\u00a0controle e supervis\u00e3o de prazos;\u00a0distribui\u00e7\u00e3o de atividades e agendas; assessoria e supervis\u00e3o t\u00e9cnica\u00a0jur\u00eddica;<\/p>\n<p>VII &#8211; Gabinete do Coordenador, respons\u00e1vel pela gerenciamento do itens dos incisos anteriores.<\/p>\n<p style=\"text-align: justify\">Nossa equipe \u00e9 composta pelo professor (a) coordenador (a), servidores(as) t\u00e9cnico-administrativos(as), advogados (as) volunt\u00e1rios, professores colaboradores e acad\u00eamicos vinculados ao projeto de extens\u00e3o.<\/p>\n<p style=\"text-align: justify\">Atualmente o projeto vinculado ao EMAJ \u00e9 o Cl\u00ednicas Jur\u00eddicas em Direitos Fundamentais Trabalhistas, Criminais e Previdenci\u00e1rios, cujo objetivo \u00e9 fomentar a extens\u00e3o universit\u00e1ria por meio habilidades espec\u00edficas para resolu\u00e7\u00e3o de conflitos extrajudiciais e judiciais e elabora\u00e7\u00e3o das respectivas pe\u00e7as jur\u00eddicas na \u00e1rea de concentra\u00e7\u00e3o do Direito do Trabalho e da Sa\u00fade, Assist\u00eancia e Previd\u00eancia Social.<\/p>\n<p>Confira a resolu\u00e7\u00e3o 2020: <a href=\"https:\/\/praticajuridica.ufms.br\/files\/2020\/11\/RESOLUCAO-ESCRITO-EMAJ-2020-1.pdf\">RESOLU\u00c7\u00c3O EMAJ 2020<\/a><\/p>\n<h6 style=\"text-align: left\"><\/h6>\n<h6 style=\"text-align: left\"><\/h6>\n<p style=\"text-align: left\">\n<p>&nbsp;<\/p>\n<p style=\"text-align: center\">Relat\u00f3rio em n\u00fameros 2021:<\/p>\n<p><img fetchpriority=\"high\" decoding=\"async\" class=\"size-full wp-image-1644 aligncenter\" src=\"https:\/\/praticajuridica.ufms.br\/files\/2022\/07\/Anotacao-2022-07-19-1408012.png\" alt=\"\" width=\"645\" height=\"508\" srcset=\"https:\/\/praticajuridica.ufms.br\/files\/2022\/07\/Anotacao-2022-07-19-1408012.png 645w, https:\/\/praticajuridica.ufms.br\/files\/2022\/07\/Anotacao-2022-07-19-1408012-300x236.png 300w, https:\/\/praticajuridica.ufms.br\/files\/2022\/07\/Anotacao-2022-07-19-1408012-406x320.png 406w\" sizes=\"(max-width: 645px) 100vw, 645px\" \/> <img decoding=\"async\" class=\"size-full wp-image-1645 aligncenter\" src=\"https:\/\/praticajuridica.ufms.br\/files\/2022\/07\/Anotacao-2022-07-19-140801.png\" alt=\"\" width=\"685\" height=\"630\" srcset=\"https:\/\/praticajuridica.ufms.br\/files\/2022\/07\/Anotacao-2022-07-19-140801.png 685w, https:\/\/praticajuridica.ufms.br\/files\/2022\/07\/Anotacao-2022-07-19-140801-300x276.png 300w, https:\/\/praticajuridica.ufms.br\/files\/2022\/07\/Anotacao-2022-07-19-140801-348x320.png 348w\" sizes=\"(max-width: 685px) 100vw, 685px\" \/><\/p>\n<p>Conhe\u00e7a mais sobre nossa atua\u00e7\u00e3o atrav\u00e9s de nossos v\u00eddeos:<\/p>\n<p><iframe title=\"Projeto Pr\u00e1tica Jur\u00eddica\" width=\"500\" height=\"281\" src=\"https:\/\/www.youtube.com\/embed\/2Ce6W4pd7NM?feature=oembed\" frameborder=\"0\" allow=\"accelerometer; autoplay; clipboard-write; encrypted-media; gyroscope; picture-in-picture; web-share\" referrerpolicy=\"strict-origin-when-cross-origin\" allowfullscreen><\/iframe><\/p>\n<p><iframe title=\"Justi\u00e7a para Todos n\u00b0 853 - III Semin\u00e1rio Mulheres (1\u00aa parte)\" width=\"500\" height=\"281\" src=\"https:\/\/www.youtube.com\/embed\/ug6mRAAq0LY?feature=oembed\" frameborder=\"0\" allow=\"accelerometer; autoplay; clipboard-write; encrypted-media; gyroscope; picture-in-picture; web-share\" referrerpolicy=\"strict-origin-when-cross-origin\" allowfullscreen><\/iframe><\/p>\n<p><iframe title=\"Curso de Direito oferece atendimento jur\u00eddico para comunidades ribeirinhas\" width=\"500\" height=\"281\" src=\"https:\/\/www.youtube.com\/embed\/L19u-i1TeiY?start=1&#038;feature=oembed\" frameborder=\"0\" allow=\"accelerometer; autoplay; clipboard-write; encrypted-media; gyroscope; picture-in-picture; web-share\" referrerpolicy=\"strict-origin-when-cross-origin\" allowfullscreen><\/iframe><\/p>\n<p>&nbsp;<\/p>\n<p><iframe title=\"07 Extens\u00e3o Pr\u00e1tica Jur\u00eddica (Pantanal)\" width=\"500\" height=\"281\" src=\"https:\/\/www.youtube.com\/embed\/4akr3bJxVk4?feature=oembed\" frameborder=\"0\" allow=\"accelerometer; autoplay; clipboard-write; encrypted-media; gyroscope; picture-in-picture; web-share\" referrerpolicy=\"strict-origin-when-cross-origin\" allowfullscreen><\/iframe><\/p>\n<p>&nbsp;<\/p>\n<p><iframe title=\"Justi\u00e7a para Todos - Programa n\u00b0 810 - III FONAGE\" width=\"500\" height=\"375\" src=\"https:\/\/www.youtube.com\/embed\/kcKBXG6yCKA?start=614&#038;feature=oembed\" frameborder=\"0\" allow=\"accelerometer; autoplay; clipboard-write; encrypted-media; gyroscope; picture-in-picture; web-share\" referrerpolicy=\"strict-origin-when-cross-origin\" allowfullscreen><\/iframe><\/p>\n<p>&nbsp;<\/p>\n<p><iframe title=\"Programa n\u00ba 650 - Expedi\u00e7\u00e3o da Cidadania (1\u00aa parte)\" width=\"500\" height=\"375\" src=\"https:\/\/www.youtube.com\/embed\/JgA52j0umn8?feature=oembed\" frameborder=\"0\" allow=\"accelerometer; autoplay; clipboard-write; encrypted-media; gyroscope; picture-in-picture; web-share\" referrerpolicy=\"strict-origin-when-cross-origin\" allowfullscreen><\/iframe><\/p>\n<p>&nbsp;<\/p>\n<p><iframe title=\"Expedi\u00e7\u00e3o da Cidadania\" width=\"500\" height=\"281\" src=\"https:\/\/www.youtube.com\/embed\/2vJi2EMa9ZY?feature=oembed\" frameborder=\"0\" allow=\"accelerometer; autoplay; clipboard-write; encrypted-media; gyroscope; picture-in-picture; web-share\" referrerpolicy=\"strict-origin-when-cross-origin\" allowfullscreen><\/iframe><\/p>\n<p>&nbsp;<\/p>\n<p><iframe title=\"Apresenta\u00e7\u00e3o do GAPEX - Grupo de Apoio para Pessoas em Extrema Vulnerabilidade\" width=\"500\" height=\"281\" src=\"https:\/\/www.youtube.com\/embed\/Uis9rEc2jTI?start=3927&#038;feature=oembed\" frameborder=\"0\" allow=\"accelerometer; autoplay; clipboard-write; encrypted-media; gyroscope; picture-in-picture; web-share\" referrerpolicy=\"strict-origin-when-cross-origin\" allowfullscreen><\/iframe><\/p>\n<p><iframe title=\"JEF Itinerante em Corumb\u00e1\/MS\" width=\"500\" height=\"281\" src=\"https:\/\/www.youtube.com\/embed\/1RDoJdrEFbs?start=1&#038;feature=oembed\" frameborder=\"0\" allow=\"accelerometer; autoplay; clipboard-write; encrypted-media; gyroscope; picture-in-picture; web-share\" referrerpolicy=\"strict-origin-when-cross-origin\" allowfullscreen><\/iframe><\/p>\n<p><iframe title=\"Juizado Itinerante em Coxim - MS\" width=\"500\" height=\"281\" src=\"https:\/\/www.youtube.com\/embed\/UZr359P3OCM?start=3&#038;feature=oembed\" frameborder=\"0\" allow=\"accelerometer; autoplay; clipboard-write; encrypted-media; gyroscope; picture-in-picture; web-share\" referrerpolicy=\"strict-origin-when-cross-origin\" allowfullscreen><\/iframe><\/p>\n<p><iframe title=\"Reportagem - JEF Itinerante em Corumb\u00e1 - 2\u00aa fase\" width=\"500\" height=\"281\" src=\"https:\/\/www.youtube.com\/embed\/ZuqK8lP3gro?start=271&#038;feature=oembed\" frameborder=\"0\" allow=\"accelerometer; autoplay; clipboard-write; encrypted-media; gyroscope; picture-in-picture; web-share\" referrerpolicy=\"strict-origin-when-cross-origin\" allowfullscreen><\/iframe><\/p>\n<p><iframe title=\"UFMS e Justi\u00e7a Federal firmam parceria\" width=\"500\" height=\"281\" src=\"https:\/\/www.youtube.com\/embed\/bYYJwBYiytA?feature=oembed\" frameborder=\"0\" allow=\"accelerometer; autoplay; clipboard-write; encrypted-media; gyroscope; picture-in-picture; web-share\" referrerpolicy=\"strict-origin-when-cross-origin\" allowfullscreen><\/iframe><\/p>\n<p><iframe title=\"UFMS presta atendimento jur\u00eddico \u00e0s comunidades do Pantanal\" width=\"500\" height=\"281\" src=\"https:\/\/www.youtube.com\/embed\/KusVko_4q-w?feature=oembed\" frameborder=\"0\" allow=\"accelerometer; autoplay; clipboard-write; encrypted-media; gyroscope; picture-in-picture; web-share\" referrerpolicy=\"strict-origin-when-cross-origin\" allowfullscreen><\/iframe><\/p>\n<p><iframe title=\"Mobilidade internacional e dupla diploma\u00e7\u00e3o s\u00e3o temas de palestras em semin\u00e1rio da UFMS\" width=\"500\" height=\"281\" src=\"https:\/\/www.youtube.com\/embed\/8PlQjIJ0mF0?feature=oembed\" frameborder=\"0\" allow=\"accelerometer; autoplay; clipboard-write; encrypted-media; gyroscope; picture-in-picture; web-share\" referrerpolicy=\"strict-origin-when-cross-origin\" allowfullscreen><\/iframe><\/p>\n<p><iframe title=\"Projeto orienta comunidade sobre direitos em \u00e9poca de pandemia\" width=\"500\" height=\"281\" src=\"https:\/\/www.youtube.com\/embed\/1ssNxNa0Vok?feature=oembed\" frameborder=\"0\" allow=\"accelerometer; autoplay; clipboard-write; encrypted-media; gyroscope; picture-in-picture; web-share\" referrerpolicy=\"strict-origin-when-cross-origin\" allowfullscreen><\/iframe><\/p>\n<p><iframe title=\"IV Col\u00f3quio Estadual de Direitos Humanos\" width=\"500\" height=\"281\" src=\"https:\/\/www.youtube.com\/embed\/Du6H8CWpUwo?feature=oembed\" frameborder=\"0\" allow=\"accelerometer; autoplay; clipboard-write; encrypted-media; gyroscope; picture-in-picture; web-share\" referrerpolicy=\"strict-origin-when-cross-origin\" allowfullscreen><\/iframe><\/p>\n<p><iframe title=\"Assinatura Protocolo de Inten\u00e7\u00f5es UFMS\/MPF\" width=\"500\" height=\"281\" src=\"https:\/\/www.youtube.com\/embed\/b9K_p21XBso?feature=oembed\" frameborder=\"0\" allow=\"accelerometer; autoplay; clipboard-write; encrypted-media; gyroscope; picture-in-picture; web-share\" referrerpolicy=\"strict-origin-when-cross-origin\" allowfullscreen><\/iframe><\/p>\n<p><iframe title=\"Palestra  Bio\u00e9tica | UFMS\" width=\"500\" height=\"375\" src=\"https:\/\/www.youtube.com\/embed\/DwkWQBqGcwc?start=83&#038;feature=oembed\" frameborder=\"0\" allow=\"accelerometer; autoplay; clipboard-write; encrypted-media; gyroscope; picture-in-picture; web-share\" referrerpolicy=\"strict-origin-when-cross-origin\" allowfullscreen><\/iframe><\/p>\n<p><iframe title=\"Entrevista - Viol\u00eancia contra Mulher\" width=\"500\" height=\"375\" src=\"https:\/\/www.youtube.com\/embed\/Y8yE24vUNbA?feature=oembed\" frameborder=\"0\" allow=\"accelerometer; autoplay; clipboard-write; encrypted-media; gyroscope; picture-in-picture; web-share\" referrerpolicy=\"strict-origin-when-cross-origin\" allowfullscreen><\/iframe><\/p>\n<p><iframe title=\"Entrevista - Defensoria P\u00fablica\" width=\"500\" height=\"375\" src=\"https:\/\/www.youtube.com\/embed\/IzhsX274nyk?feature=oembed\" frameborder=\"0\" allow=\"accelerometer; autoplay; clipboard-write; encrypted-media; gyroscope; picture-in-picture; web-share\" referrerpolicy=\"strict-origin-when-cross-origin\" allowfullscreen><\/iframe><\/p>\n<p><iframe title=\"Jornal UFMS - Abril 2016\" width=\"500\" height=\"375\" src=\"https:\/\/www.youtube.com\/embed\/EBEDrKOgfLU?start=228&#038;feature=oembed\" frameborder=\"0\" allow=\"accelerometer; autoplay; clipboard-write; encrypted-media; gyroscope; picture-in-picture; web-share\" referrerpolicy=\"strict-origin-when-cross-origin\" allowfullscreen><\/iframe><\/p>\n<p><iframe title=\"Entrevista - Trabalho Escravo\" width=\"500\" height=\"375\" src=\"https:\/\/www.youtube.com\/embed\/WUnCXFvnsQI?feature=oembed\" frameborder=\"0\" allow=\"accelerometer; autoplay; clipboard-write; encrypted-media; gyroscope; picture-in-picture; web-share\" referrerpolicy=\"strict-origin-when-cross-origin\" allowfullscreen><\/iframe><\/p>\n<p><iframe title=\"Entrevista - Minist\u00e9rio P\u00fablico do Trabalho\" width=\"500\" height=\"375\" src=\"https:\/\/www.youtube.com\/embed\/_nADp5skm9k?feature=oembed\" frameborder=\"0\" allow=\"accelerometer; autoplay; clipboard-write; encrypted-media; gyroscope; picture-in-picture; web-share\" referrerpolicy=\"strict-origin-when-cross-origin\" allowfullscreen><\/iframe><\/p>\n<p>&nbsp;<\/p>\n","protected":false},"excerpt":{"rendered":"<p>&nbsp; Somos o Escrit\u00f3rio Modelo de Assist\u00eancia Jur\u00eddica, \u00f3rg\u00e3o vinculado \u00e0 Faculdade de Direito da Funda\u00e7\u00e3o Universidade Federal de Mato Grosso Do Sul respons\u00e1vel pela implanta\u00e7\u00e3o, coordena\u00e7\u00e3o, avalia\u00e7\u00e3o e supervis\u00e3o das atividades de Ensino, Pesquisa, Extens\u00e3o, Cultura, Tecnologia, Inova\u00e7\u00e3o, Empreendedorismo e do Est\u00e1gio Curricular Obrigat\u00f3rio, em conformidade com a legisla\u00e7\u00e3o pertinente. Atualmente somos integrantes da [&hellip;]<\/p>\n","protected":false},"author":6400,"featured_media":0,"parent":0,"menu_order":0,"comment_status":"closed","ping_status":"closed","template":"","meta":{"footnotes":""},"coauthors":[],"class_list":["post-272","page","type-page","status-publish","hentry"],"_links":{"self":[{"href":"https:\/\/praticajuridica.ufms.br\/en\/wp-json\/wp\/v2\/pages\/272","targetHints":{"allow":["GET"]}}],"collection":[{"href":"https:\/\/praticajuridica.ufms.br\/en\/wp-json\/wp\/v2\/pages"}],"about":[{"href":"https:\/\/praticajuridica.ufms.br\/en\/wp-json\/wp\/v2\/types\/page"}],"author":[{"embeddable":true,"href":"https:\/\/praticajuridica.ufms.br\/en\/wp-json\/wp\/v2\/users\/6400"}],"replies":[{"embeddable":true,"href":"https:\/\/praticajuridica.ufms.br\/en\/wp-json\/wp\/v2\/comments?post=272"}],"version-history":[{"count":34,"href":"https:\/\/praticajuridica.ufms.br\/en\/wp-json\/wp\/v2\/pages\/272\/revisions"}],"predecessor-version":[{"id":1699,"href":"https:\/\/praticajuridica.ufms.br\/en\/wp-json\/wp\/v2\/pages\/272\/revisions\/1699"}],"wp:attachment":[{"href":"https:\/\/praticajuridica.ufms.br\/en\/wp-json\/wp\/v2\/media?parent=272"}],"wp:term":[{"taxonomy":"author","embeddable":true,"href":"https:\/\/praticajuridica.ufms.br\/en\/wp-json\/wp\/v2\/coauthors?post=272"}],"curies":[{"name":"wp","href":"https:\/\/api.w.org\/{rel}","templated":true}]}}