{"id":472,"date":"2019-04-30T13:07:55","date_gmt":"2019-04-30T17:07:55","guid":{"rendered":"https:\/\/praticajuridica.ufms.br\/?page_id=472"},"modified":"2019-04-30T13:07:55","modified_gmt":"2019-04-30T17:07:55","slug":"pratica-juridica-novas-tecnologias-e-direito-saude","status":"publish","type":"page","link":"https:\/\/praticajuridica.ufms.br\/en\/pratica-juridica-novas-tecnologias-e-direito-saude\/","title":{"rendered":"Pr\u00e1tica Jur\u00eddica: Novas tecnologias e Direito \u00e0 Sa\u00fade"},"content":{"rendered":"<p><a href=\"http:\/\/conitec.gov.br\/\">Comiss\u00e3o Nacional de Incorpora\u00e7\u00e3o de Tecnologias no SUS (CONITEC)<\/a><\/p>\n<p><a href=\"https:\/\/www.tjms.jus.br\/nat\/\">Comit\u00ea Estadual do Judici\u00e1rio para a Sa\u00fade<\/a><\/p>\n<p><a href=\"https:\/\/www.sabm.org\/\">Society for the Advancement of Blood Management (SABM)<\/a><\/p>\n<p><a href=\"https:\/\/www.ncbi.nlm.nih.gov\/pubmed\/29112512\">Causal Analysis of World Health Organization&#8217;s Surgical Safety Checklist Implementation Quality and Impact on Care Processes and Patient Outcomes: Secondary Analysis From a Large Stepped Wedge Cluster Randomized Controlled Trial in Norway.<\/a><\/p>\n<p><a href=\"https:\/\/www.ncbi.nlm.nih.gov\/pubmed\/28397699\">Restrictive versus liberal blood transfusion for gastrointestinal bleeding: a systematic review and meta-analysis of randomised controlled trials.<\/a><\/p>\n<p><a href=\"https:\/\/www.ufms.br\/palestra-aborda-alternativas-clinicas-e-cirurgicas-sem-uso-de-sangue\/\">Palestra aborda alternativas cl\u00ednicas e cir\u00fargicas sem uso de sangue<\/a><\/p>\n<p><a href=\"https:\/\/www.ufms.br\/palestra-aborda-opcoes-terapeuticas-para-minimizar-transfusoes-de-sangue\/\">Palestra aborda op\u00e7\u00f5es terap\u00eauticas para minimizar transfus\u00f5es de sangue<\/a><\/p>\n<p><a href=\"https:\/\/www.ufms.br\/conferencia-sobre-tratamentos-isentos-de-sangue-sera-no-dia-6\/\">Confer\u00eancia sobre tratamentos isentos de sangue ser\u00e1 no dia 6<\/a><\/p>\n<p><a href=\"https:\/\/www.ufms.br\/bioetica-e-tema-de-palestra\/\">Bio\u00e9tica \u00e9 tema de palestra<\/a><\/p>\n<p><a href=\"https:\/\/educativa.ufms.br\/11-06-2018-2\/\">Liga da Sa\u00fade &#8211; Igor Alexander<\/a><\/p>\n<p><a href=\"https:\/\/educativa.ufms.br\/15-04-2019-dr-igor-de-souza-e-profo-aurelio-briltes-falam-sobre-alternativas-clinicas-e-cirurgicas-sem-uso-de-sangue\/\"> Dr. Igor de Souza e Prof\u00ba Aur\u00e9lio Briltes falam sobre alternativas cl\u00ednicas e cir\u00fargicas sem uso de sangue<\/a><\/p>\n<p><a href=\"https:\/\/www.youtube.com\/watch?v=DwkWQBqGcwc\">Palestra Bio\u00e9tica | UFMS<\/a><\/p>\n<p><a href=\"https:\/\/www.youtube.com\/watch?v=kpCGZxIu_Uc\">Transfus\u00e3o de Sangue: Os riscos e as alternativas (ponto de vista M\u00c9DICO)<\/a><\/p>\n","protected":false},"excerpt":{"rendered":"<p>Comiss\u00e3o Nacional de Incorpora\u00e7\u00e3o de Tecnologias no SUS (CONITEC) Comit\u00ea Estadual do Judici\u00e1rio para a Sa\u00fade Society for the Advancement of Blood Management (SABM) Causal Analysis of World Health Organization&#8217;s Surgical Safety Checklist Implementation Quality and Impact on Care Processes and Patient Outcomes: Secondary Analysis From a Large Stepped Wedge Cluster Randomized Controlled Trial in [&hellip;]<\/p>\n","protected":false},"author":33560,"featured_media":0,"parent":0,"menu_order":0,"comment_status":"closed","ping_status":"closed","template":"","meta":{"footnotes":""},"coauthors":[],"class_list":["post-472","page","type-page","status-publish","hentry"],"_links":{"self":[{"href":"https:\/\/praticajuridica.ufms.br\/en\/wp-json\/wp\/v2\/pages\/472","targetHints":{"allow":["GET"]}}],"collection":[{"href":"https:\/\/praticajuridica.ufms.br\/en\/wp-json\/wp\/v2\/pages"}],"about":[{"href":"https:\/\/praticajuridica.ufms.br\/en\/wp-json\/wp\/v2\/types\/page"}],"author":[{"embeddable":true,"href":"https:\/\/praticajuridica.ufms.br\/en\/wp-json\/wp\/v2\/users\/33560"}],"replies":[{"embeddable":true,"href":"https:\/\/praticajuridica.ufms.br\/en\/wp-json\/wp\/v2\/comments?post=472"}],"version-history":[{"count":3,"href":"https:\/\/praticajuridica.ufms.br\/en\/wp-json\/wp\/v2\/pages\/472\/revisions"}],"predecessor-version":[{"id":475,"href":"https:\/\/praticajuridica.ufms.br\/en\/wp-json\/wp\/v2\/pages\/472\/revisions\/475"}],"wp:attachment":[{"href":"https:\/\/praticajuridica.ufms.br\/en\/wp-json\/wp\/v2\/media?parent=472"}],"wp:term":[{"taxonomy":"author","embeddable":true,"href":"https:\/\/praticajuridica.ufms.br\/en\/wp-json\/wp\/v2\/coauthors?post=472"}],"curies":[{"name":"wp","href":"https:\/\/api.w.org\/{rel}","templated":true}]}}