{"id":549,"date":"2019-06-27T14:11:21","date_gmt":"2019-06-27T18:11:21","guid":{"rendered":"https:\/\/praticajuridica.ufms.br\/?page_id=549"},"modified":"2022-07-19T14:02:57","modified_gmt":"2022-07-19T18:02:57","slug":"atendimento","status":"publish","type":"page","link":"https:\/\/praticajuridica.ufms.br\/en\/atendimento\/","title":{"rendered":"Atendimento"},"content":{"rendered":"<h3>Atendimento jur\u00eddico online, por meio de Plant\u00e3o Jur\u00eddico, a dist\u00e2ncia.<\/h3>\n<p>O plant\u00e3o jur\u00eddico atende pessoas hipossuficientes nas \u00e1reas tem\u00e1ticas de viola\u00e7\u00f5es de direitos trabalhistas e da seguridade social, tais como: demiss\u00f5es, redu\u00e7\u00e3o de jornada de trabalho, suspens\u00e3o de contrato de trabalho, c\u00e1lculo de verbas rescis\u00f3rias, aposentadorias e benef\u00edcios assistenciais junto ao INSS.<\/p>\n<p>As d\u00favidas podem ser enviadas ao e-mail:\u00a0<strong>emaj.fadir@ufms.br<\/strong>, com o assunto\u00a0<strong>\u201cPlant\u00e3o Jur\u00eddico\u201d<\/strong>\u00a0ou por<strong>\u00a0whatsapp pelo telefone 67 3345-7785.<\/strong><\/p>\n<p>As d\u00favidas jur\u00eddicas s\u00e3o registradas no gestor jur\u00eddico e para isso, havendo intera\u00e7\u00e3o para cadastro da pessoa atendida.<\/p>\n<p>Ap\u00f3s, as demandas s\u00e3o analisadas por equipe composta por acad\u00eamicos, professores das disciplinas, advogados volunt\u00e1rios membros do projeto, de forma remota, e ent\u00e3o,\u00a0 enviada resposta ao assistido, sendo inclusive esclarecidas, se for o caso, por v\u00eddeo chamada.<\/p>\n<p>Diante das din\u00e2micas educacionais as respostas s\u00e3o dadas num intervalo de tempo, que permitam, mesmo a dist\u00e2ncia, a intera\u00e7\u00e3o pelo ensino e extens\u00e3o universit\u00e1ria entre professor, acad\u00eamico e sociedade, tanto no que diz respeito \u00e0s an\u00e1lises das demandas sociais, quanto na forma\u00e7\u00e3o acad\u00eamica que o Escrit\u00f3rio Modelo de Assist\u00eancia Judici\u00e1ria da Faculdade de Direito da UFMS (EMAJ\/FADIR\/UFMS) promove por meio dos projetos de extens\u00e3o e com a participa\u00e7\u00e3o dos acad\u00eamicos do 7\u00ba, 8\u00ba semestre.<\/p>\n<p>&nbsp;<\/p>\n<p>&nbsp;<\/p>\n","protected":false},"excerpt":{"rendered":"<p>Atendimento jur\u00eddico online, por meio de Plant\u00e3o Jur\u00eddico, a dist\u00e2ncia. O plant\u00e3o jur\u00eddico atende pessoas hipossuficientes nas \u00e1reas tem\u00e1ticas de viola\u00e7\u00f5es de direitos trabalhistas e da seguridade social, tais como: demiss\u00f5es, redu\u00e7\u00e3o de jornada de trabalho, suspens\u00e3o de contrato de trabalho, c\u00e1lculo de verbas rescis\u00f3rias, aposentadorias e benef\u00edcios assistenciais junto ao INSS. As d\u00favidas podem [&hellip;]<\/p>\n","protected":false},"author":33560,"featured_media":0,"parent":0,"menu_order":0,"comment_status":"closed","ping_status":"closed","template":"","meta":{"footnotes":""},"coauthors":[],"class_list":["post-549","page","type-page","status-publish","hentry"],"_links":{"self":[{"href":"https:\/\/praticajuridica.ufms.br\/en\/wp-json\/wp\/v2\/pages\/549","targetHints":{"allow":["GET"]}}],"collection":[{"href":"https:\/\/praticajuridica.ufms.br\/en\/wp-json\/wp\/v2\/pages"}],"about":[{"href":"https:\/\/praticajuridica.ufms.br\/en\/wp-json\/wp\/v2\/types\/page"}],"author":[{"embeddable":true,"href":"https:\/\/praticajuridica.ufms.br\/en\/wp-json\/wp\/v2\/users\/33560"}],"replies":[{"embeddable":true,"href":"https:\/\/praticajuridica.ufms.br\/en\/wp-json\/wp\/v2\/comments?post=549"}],"version-history":[{"count":10,"href":"https:\/\/praticajuridica.ufms.br\/en\/wp-json\/wp\/v2\/pages\/549\/revisions"}],"predecessor-version":[{"id":1640,"href":"https:\/\/praticajuridica.ufms.br\/en\/wp-json\/wp\/v2\/pages\/549\/revisions\/1640"}],"wp:attachment":[{"href":"https:\/\/praticajuridica.ufms.br\/en\/wp-json\/wp\/v2\/media?parent=549"}],"wp:term":[{"taxonomy":"author","embeddable":true,"href":"https:\/\/praticajuridica.ufms.br\/en\/wp-json\/wp\/v2\/coauthors?post=549"}],"curies":[{"name":"wp","href":"https:\/\/api.w.org\/{rel}","templated":true}]}}